{"id":4511,"date":"2025-01-25T06:02:05","date_gmt":"2025-01-25T01:02:05","guid":{"rendered":"https:\/\/gruposrm.com\/web\/inicio\/?page_id=4511"},"modified":"2026-04-26T23:48:24","modified_gmt":"2026-04-26T18:48:24","slug":"servicio-de-impresion-3d-colombia","status":"publish","type":"page","link":"https:\/\/gruposrm.com\/web\/inicio\/servicio-de-impresion-3d-colombia\/","title":{"rendered":"Servicio de impresi\u00f3n 3D"},"content":{"rendered":"<p>[et_pb_section fb_built=\u00bb1&#8243; _builder_version=\u00bb4.27.4&#8243; _module_preset=\u00bbdefault\u00bb background_image=\u00bbhttps:\/\/gruposrm.com\/web\/wp-content\/uploads\/Servicio_de_Impresion_3D.jpg\u00bb min_height=\u00bb510.2px\u00bb global_colors_info=\u00bb{}\u00bb][et_pb_row _builder_version=\u00bb4.27.4&#8243; _module_preset=\u00bbdefault\u00bb custom_padding=\u00bb161px|||||\u00bb global_colors_info=\u00bb{}\u00bb][et_pb_column type=\u00bb4_4&#8243; _builder_version=\u00bb4.27.4&#8243; _module_preset=\u00bbdefault\u00bb global_colors_info=\u00bb{}\u00bb][difl_marqueetext ticker_hover=\u00bbon\u00bb ticker_speed=\u00bb4000&#8243; admin_label=\u00bbServicio de Impresion 3D en Colombia\u00bb _builder_version=\u00bb4.27.4&#8243; _module_preset=\u00bbdefault\u00bb custom_padding=\u00bb|45px||497px||\u00bb global_colors_info=\u00bb{}\u00bb][difl_marqueetextitem text=\u00bbServicio de impresi\u00f3n 3D\u00bb text_background_bgcolor=\u00bbRGBA(255,255,255,0)\u00bb _builder_version=\u00bb4.27.4&#8243; title_font_size=\u00bb45px\u00bb global_colors_info=\u00bb{}\u00bb]Your Text Goes Here&#8230;[\/difl_marqueetextitem][\/difl_marqueetext][\/et_pb_column][\/et_pb_row][\/et_pb_section][et_pb_section fb_built=\u00bb1&#8243; _builder_version=\u00bb4.27.4&#8243; _module_preset=\u00bbdefault\u00bb custom_margin=\u00bb-1px|||||\u00bb custom_padding=\u00bb19px||13px|||\u00bb global_colors_info=\u00bb{}\u00bb][et_pb_row column_structure=\u00bb1_2,1_2&#8243; _builder_version=\u00bb4.27.4&#8243; _module_preset=\u00bbdefault\u00bb custom_padding=\u00bb16px||10px|||\u00bb global_colors_info=\u00bb{}\u00bb][et_pb_column type=\u00bb1_2&#8243; _builder_version=\u00bb4.27.4&#8243; _module_preset=\u00bbdefault\u00bb global_colors_info=\u00bb{}\u00bb][et_pb_text _builder_version=\u00bb4.27.4&#8243; _module_preset=\u00bbdefault\u00bb global_colors_info=\u00bb{}\u00bb]<\/p>\n<h1><strong>Servicio de Impresi\u00f3n 3D.<\/strong><\/h1>\n<p>En nuestro servicio de impresi\u00f3n 3D de <strong>Impresion-Arte<\/strong>, utilizamos algunas de las m\u00e1quinas m\u00e1s avanzadas y r\u00e1pidas del mercado, ideal para proyectos personalizados, prototipos funcionales y piezas con muy buena precisi\u00f3n y calidad de acabado.<br \/>Estamos en Cota, Cundinamarca, Colombia, y desde nuestra sede podemos despachar a cualquier parte del pa\u00eds, e incluso a m\u00e1s de 20 paises.<\/p>\n<p>[\/et_pb_text][et_pb_image src=\u00bbhttps:\/\/gruposrm.com\/web\/wp-content\/uploads\/Servicio-de-Impresion-3D-Colombia-0a.jpg\u00bb alt=\u00bbServicio de Impresi\u00f3n 3D En Colombia. Cota, Cundinamarca\u00bb title_text=\u00bbServicio de Impresio\u0301n 3D &#8211; Colombia &#8211; 0a\u00bb _builder_version=\u00bb4.27.4&#8243; _module_preset=\u00bbdefault\u00bb global_colors_info=\u00bb{}\u00bb][\/et_pb_image][et_pb_text _builder_version=\u00bb4.27.4&#8243; _module_preset=\u00bbdefault\u00bb global_colors_info=\u00bb{}\u00bb]<\/p>\n<h4><strong>\u00bfQu\u00e9 ofrecemos?<\/strong><\/h4>\n<ul>\n<li>Impresi\u00f3n 3D bajo proceso de modelado por deposici\u00f3n fundida o extrusi\u00f3n de material (FFF\/FDM -Fabricaci\u00f3n por Fusi\u00f3n de Filamento \/ Fused Deposition Modeling-) con tecnolog\u00eda IA avanzada<\/li>\n<li>Diversidad de materiales: PLA, ABS, PETG y TPU (Ver disponibilidad en el <em><strong><a href=\"https:\/\/gruposrm.com\/web\/inicio\/cotizador-de-impresion-3d\/\">cotizador de impresi\u00f3n 3D<\/a><\/strong><\/em>)<\/li>\n<li>Dise\u00f1o 3D de piezas, prototipos y figuras<\/li>\n<li>Rapid\u00e9z y calidad<\/li>\n<\/ul>\n<h4><strong>Caracter\u00edsticas de nuestra m\u00e1quinaria:<\/strong><\/h4>\n<ul>\n<li><strong>Velocidad de impresi\u00f3n<\/strong>: Hasta 600 mm\/s, reduciendo significativamente los tiempos de producci\u00f3n.<\/li>\n<li><strong>Precisi\u00f3n<\/strong>: Capaz de lograr un nivel de detalle incre\u00edble, con una resoluci\u00f3n de capa ajustable desde 0,1 mm.<\/li>\n<li><strong>Volumen M\u00c1XIMO de construcci\u00f3n<\/strong>: 220 x 220 x 250 mm, ideal para una amplia gama de proyectos.<\/li>\n<li><strong>Calentamiento r\u00e1pido<\/strong>: La base de impresi\u00f3n alcanza los 60 \u00b0C en menos de un minuto, asegurando una adhesi\u00f3n \u00f3ptima del filamento desde el inicio.<\/li>\n<li><strong>Nivelaci\u00f3n autom\u00e1tica<\/strong>: Garantiza precisi\u00f3n y uniformidad en cada impresi\u00f3n.<\/li>\n<\/ul>\n<h4><strong>Tipos de Filamentos Compatibles<\/strong><\/h4>\n<p>La Creality K1 es compatible con m\u00faltiples tipos de filamentos, lo que nos permite ofrecerte soluciones personalizadas para cada proyecto:<\/p>\n<ul>\n<li><strong>PLA<\/strong>: Ideal para piezas decorativas y proyectos de bajo coste.<\/li>\n<li><strong>PETG<\/strong>: Resistente a la humedad y a impactos, perfecto para piezas funcionales.<\/li>\n<li><strong>ABS<\/strong>: Alta durabilidad y resistencia al calor, recomendado para aplicaciones industriales.<\/li>\n<li><strong>TPU<\/strong>: Flexibilidad extrema para proyectos con requisitos espec\u00edficos de elasticidad.<\/li>\n<\/ul>\n<p>[\/et_pb_text][\/et_pb_column][et_pb_column type=\u00bb1_2&#8243; _builder_version=\u00bb4.27.4&#8243; _module_preset=\u00bbdefault\u00bb global_colors_info=\u00bb{}\u00bb][et_pb_text _builder_version=\u00bb4.27.4&#8243; _module_preset=\u00bbdefault\u00bb global_colors_info=\u00bb{}\u00bb]<\/p>\n<p>En el \u00e1mbito de la impresi\u00f3n 3D basada en filamentos, existen varios tipos de entrega que se adaptan a las necesidades del cliente y al prop\u00f3sito del proyecto. Aqu\u00ed tienes las opciones m\u00e1s comunes:<\/p>\n<h3><strong><\/strong><\/h3>\n<h3><strong>1. Piezas en bruto (sin postprocesado)<\/strong><\/h3>\n<ul>\n<li><strong>Descripci\u00f3n<\/strong>: Las piezas se entregan directamente despu\u00e9s de ser impresas, tal cual salen de la impresora.<\/li>\n<li><strong>Caracter\u00edsticas<\/strong>:\n<ul>\n<li>Marcas visibles de las capas (l\u00edneas de impresi\u00f3n).<\/li>\n<li>Sin lijado, pintura ni retoques adicionales.<\/li>\n<li>Ideal para prototipos r\u00e1pidos o piezas funcionales donde la est\u00e9tica no sea importante.<\/li>\n<\/ul>\n<\/li>\n<li><strong>Ventajas<\/strong>:\n<ul>\n<li>Menor tiempo de producci\u00f3n.<\/li>\n<li>Costo m\u00e1s bajo.<\/li>\n<\/ul>\n<\/li>\n<li><strong>Ejemplo de uso<\/strong>: Prototipos de prueba de encaje o dise\u00f1o.<\/li>\n<\/ul>\n<h3><strong>2. Piezas con postprocesado b\u00e1sico<\/strong><\/h3>\n<ul>\n<li><strong>Descripci\u00f3n<\/strong>: Las piezas pasan por un acabado simple para mejorar su apariencia o funcionalidad.<\/li>\n<li><strong>Caracter\u00edsticas<\/strong>:\n<ul>\n<li>Eliminaci\u00f3n de soportes.<\/li>\n<li>Lijado ligero para suavizar las superficies.<\/li>\n<li>Limpieza general del modelo.<\/li>\n<\/ul>\n<\/li>\n<li><strong>Ventajas<\/strong>:\n<ul>\n<li>Aumenta la calidad visual.<\/li>\n<li>Mejora el ajuste mec\u00e1nico en piezas funcionales.<\/li>\n<\/ul>\n<\/li>\n<li><strong>Ejemplo de uso<\/strong>: Maquetas o piezas que necesitan un acabado limpio.<\/li>\n<\/ul>\n<h3><strong>3. Piezas con postprocesado avanzado<\/strong><\/h3>\n<ul>\n<li><strong>Descripci\u00f3n<\/strong>: Incluye tratamientos detallados para obtener un acabado profesional o funcional.<\/li>\n<li><strong>Caracter\u00edsticas<\/strong>:\n<ul>\n<li>Lijado avanzado para eliminar capas visibles.<\/li>\n<li>Aplicaci\u00f3n de masilla para reparar imperfecciones.<\/li>\n<li>Pintura o barnizado para un acabado final.<\/li>\n<li>Posible uso de t\u00e9cnicas de alisado qu\u00edmico (como vapor de acetona para ABS).<\/li>\n<\/ul>\n<\/li>\n<li><strong>Ventajas<\/strong>:\n<ul>\n<li>Apariencia profesional y lista para presentaci\u00f3n.<\/li>\n<li>Mejora en resistencia o textura superficial.<\/li>\n<\/ul>\n<\/li>\n<li><strong>Ejemplo de uso<\/strong>: Prototipos de presentaci\u00f3n, productos finales o props personalizados.<\/li>\n<\/ul>\n<h3><strong>4. Piezas ensambladas o montadas<\/strong><\/h3>\n<ul>\n<li><strong>Descripci\u00f3n<\/strong>: Si el dise\u00f1o consta de varias partes, se entrega el modelo completamente ensamblado.<\/li>\n<li><strong>Caracter\u00edsticas<\/strong>:\n<ul>\n<li>Montaje de piezas impresas en 3D.<\/li>\n<\/ul>\n<\/li>\n<li><strong>Ventajas<\/strong>:\n<ul>\n<li>Listo para uso inmediato.<\/li>\n<li>Perfecto para prototipos funcionales o demostraciones.<\/li>\n<\/ul>\n<\/li>\n<li><strong>Ejemplo de uso<\/strong>: Mecanismos funcionales o dispositivos completos.<\/li>\n<\/ul>\n<p>[\/et_pb_text][\/et_pb_column][\/et_pb_row][et_pb_row column_structure=\u00bb1_3,1_3,1_3&#8243; _builder_version=\u00bb4.27.4&#8243; _module_preset=\u00bbdefault\u00bb custom_padding=\u00bb||23px|||\u00bb global_colors_info=\u00bb{}\u00bb][et_pb_column type=\u00bb1_3&#8243; _builder_version=\u00bb4.27.4&#8243; _module_preset=\u00bbdefault\u00bb global_colors_info=\u00bb{}\u00bb][et_pb_image src=\u00bbhttps:\/\/gruposrm.com\/web\/wp-content\/uploads\/Servicio-de-Impresion-3D-Colombia-6.jpg\u00bb alt=\u00bbServicio de Impresi\u00f3n 3D En Colombia. Cota, Cundinamarca\u00bb title_text=\u00bbServicio de Impresio\u0301n 3D &#8211; Colombia &#8211; 6&#8243; _builder_version=\u00bb4.27.4&#8243; _module_preset=\u00bbdefault\u00bb global_colors_info=\u00bb{}\u00bb][\/et_pb_image][\/et_pb_column][et_pb_column type=\u00bb1_3&#8243; _builder_version=\u00bb4.27.4&#8243; _module_preset=\u00bbdefault\u00bb global_colors_info=\u00bb{}\u00bb][et_pb_image src=\u00bbhttps:\/\/gruposrm.com\/web\/wp-content\/uploads\/Servicio-de-Impresion-3D-Colombia-5.jpg\u00bb alt=\u00bbServicio de Impresi\u00f3n 3D En Colombia. Cota, Cundinamarca\u00bb title_text=\u00bbServicio de Impresio\u0301n 3D &#8211; Colombia &#8211; 5&#8243; _builder_version=\u00bb4.27.4&#8243; _module_preset=\u00bbdefault\u00bb global_colors_info=\u00bb{}\u00bb][\/et_pb_image][\/et_pb_column][et_pb_column type=\u00bb1_3&#8243; _builder_version=\u00bb4.27.4&#8243; _module_preset=\u00bbdefault\u00bb global_colors_info=\u00bb{}\u00bb][et_pb_image src=\u00bbhttps:\/\/gruposrm.com\/web\/wp-content\/uploads\/Servicio-de-Impresion-3D-Colombia-4.jpg\u00bb alt=\u00bbServicio de Impresi\u00f3n 3D En Colombia. Cota, Cundinamarca\u00bb title_text=\u00bbServicio de Impresio\u0301n 3D &#8211; Colombia &#8211; 4&#8243; _builder_version=\u00bb4.27.4&#8243; _module_preset=\u00bbdefault\u00bb global_colors_info=\u00bb{}\u00bb][\/et_pb_image][\/et_pb_column][\/et_pb_row][et_pb_row _builder_version=\u00bb4.27.4&#8243; _module_preset=\u00bbdefault\u00bb custom_padding=\u00bb||12px|||\u00bb global_colors_info=\u00bb{}\u00bb][et_pb_column type=\u00bb4_4&#8243; _builder_version=\u00bb4.27.4&#8243; _module_preset=\u00bbdefault\u00bb global_colors_info=\u00bb{}\u00bb][et_pb_text _builder_version=\u00bb4.27.4&#8243; _module_preset=\u00bbdefault\u00bb global_colors_info=\u00bb{}\u00bb]<\/p>\n<h3><strong>\u00a0\u00bfQu\u00e9 material podemos imprimir y cu\u00e1l es el m\u00e1s indicado para tu trabajo de impresi\u00f3n 3D?<\/strong><\/h3>\n<p>Aqu\u00ed tienes un desglose comparativo entre los materiales m\u00e1s comunes utilizados en impresi\u00f3n 3D junto con sus ventajas y usos comunes: Los materiarles disponibles los encontrar\u00e1s en el <strong><em><a href=\"https:\/\/gruposrm.com\/web\/inicio\/cotizador-de-impresion-3d\/\">cotizador de impresi\u00f3n 3D<\/a><\/em><\/strong>.<\/p>\n<p>&nbsp;<\/p>\n<table cellspacing=\"0\" cellpadding=\"0\" class=\"t1\">\n<tbody>\n<tr>\n<td valign=\"top\" class=\"td1\">\n<p class=\"p1\"><b>Filamento<\/b><b><\/b><\/p>\n<\/td>\n<td valign=\"top\" class=\"td2\">\n<p class=\"p1\"><b>Usos principales<\/b><b><\/b><\/p>\n<\/td>\n<td valign=\"top\" class=\"td3\">\n<p class=\"p1\"><b>Ventajas destacadas<\/b><b><\/b><\/p>\n<\/td>\n<\/tr>\n<tr>\n<td valign=\"top\" class=\"td4\">\n<p class=\"p1\"><b>ABS<\/b><b><\/b><\/p>\n<\/td>\n<td valign=\"top\" class=\"td5\">\n<p class=\"p1\">Piezas funcionales, carcasas, juguetes<\/p>\n<\/td>\n<td valign=\"top\" class=\"td6\">\n<p class=\"p1\">Resistente al impacto, soporta calor, f\u00e1cil de lijar\/pintar<\/p>\n<\/td>\n<\/tr>\n<tr>\n<td valign=\"top\" class=\"td4\">\n<p class=\"p1\"><b>ASA<\/b><b><\/b><\/p>\n<\/td>\n<td valign=\"top\" class=\"td5\">\n<p class=\"p1\">Piezas exteriores, se\u00f1alizaci\u00f3n, componentes UV<\/p>\n<\/td>\n<td valign=\"top\" class=\"td6\">\n<p class=\"p1\">Resistencia a rayos UV, intemperie, no amarillea<\/p>\n<\/td>\n<\/tr>\n<tr>\n<td valign=\"top\" class=\"td4\">\n<p class=\"p1\"><b>Fibra de Carbono<\/b><b><\/b><\/p>\n<\/td>\n<td valign=\"top\" class=\"td5\">\n<p class=\"p1\">Drones, soportes, piezas estructurales<\/p>\n<\/td>\n<td valign=\"top\" class=\"td6\">\n<p class=\"p1\">Muy r\u00edgido y ligero, acabado mate profesional<\/p>\n<\/td>\n<\/tr>\n<tr>\n<td valign=\"top\" class=\"td4\">\n<p class=\"p1\"><b>Nylon PA12<\/b><b><\/b><\/p>\n<\/td>\n<td valign=\"top\" class=\"td5\">\n<p class=\"p1\">Engranajes, bisagras, piezas con fricci\u00f3n<\/p>\n<\/td>\n<td valign=\"top\" class=\"td6\">\n<p class=\"p1\">Alta resistencia mec\u00e1nica, flexible, duradero, resistente qu\u00edmico<\/p>\n<\/td>\n<\/tr>\n<tr>\n<td valign=\"top\" class=\"td4\">\n<p class=\"p1\"><b>PETG<\/b><b><\/b><\/p>\n<\/td>\n<td valign=\"top\" class=\"td5\">\n<p class=\"p1\">Envases, piezas transparentes, prototipos resistentes<\/p>\n<\/td>\n<td valign=\"top\" class=\"td6\">\n<p class=\"p1\">F\u00e1cil de imprimir, resistente al impacto y qu\u00edmicos, combina PLA + ABS<\/p>\n<\/td>\n<\/tr>\n<tr>\n<td valign=\"top\" class=\"td4\">\n<p class=\"p1\"><b>PLA Standard<\/b><b><\/b><\/p>\n<\/td>\n<td valign=\"top\" class=\"td5\">\n<p class=\"p1\">Prototipos, maquetas, piezas decorativas<\/p>\n<\/td>\n<td valign=\"top\" class=\"td6\">\n<p class=\"p1\">Econ\u00f3mico, biodegradable, f\u00e1cil de imprimir, buena est\u00e9tica<\/p>\n<\/td>\n<\/tr>\n<tr>\n<td valign=\"top\" class=\"td4\">\n<p class=\"p1\"><b>PLA+<\/b><b><\/b><\/p>\n<\/td>\n<td valign=\"top\" class=\"td5\">\n<p class=\"p1\">Prototipos m\u00e1s resistentes<\/p>\n<\/td>\n<td valign=\"top\" class=\"td6\">\n<p class=\"p1\">Mejor resistencia mec\u00e1nica y t\u00e9rmica que PLA est\u00e1ndar<\/p>\n<\/td>\n<\/tr>\n<tr>\n<td valign=\"top\" class=\"td4\">\n<p class=\"p1\"><b>PVA (Soporte)<\/b><b><\/b><\/p>\n<\/td>\n<td valign=\"top\" class=\"td5\">\n<p class=\"p1\">Soportes solubles en impresiones complejas<\/p>\n<\/td>\n<td valign=\"top\" class=\"td6\">\n<p class=\"p1\">Se disuelve en agua, ideal para geometr\u00edas complicadas<\/p>\n<\/td>\n<\/tr>\n<tr>\n<td valign=\"top\" class=\"td7\">\n<p class=\"p1\"><b>TPU 95A (Flex)<\/b><b><\/b><\/p>\n<\/td>\n<td valign=\"top\" class=\"td8\">\n<p class=\"p1\">Fundas, juntas, amortiguadores, correas<\/p>\n<\/td>\n<td valign=\"top\" class=\"td9\">\n<p class=\"p1\">Alta elasticidad, resistente al desgaste, objetos flexibles<\/p>\n<\/td>\n<\/tr>\n<\/tbody>\n<\/table>\n<p>[\/et_pb_text][\/et_pb_column][\/et_pb_row][et_pb_row column_structure=\u00bb1_2,1_2&#8243; _builder_version=\u00bb4.27.4&#8243; _module_preset=\u00bbdefault\u00bb custom_padding=\u00bb27px||13px|||\u00bb global_colors_info=\u00bb{}\u00bb][et_pb_column type=\u00bb1_2&#8243; _builder_version=\u00bb4.27.4&#8243; _module_preset=\u00bbdefault\u00bb global_colors_info=\u00bb{}\u00bb][et_pb_code _builder_version=\u00bb4.27.4&#8243; _module_preset=\u00bbdefault\u00bb global_colors_info=\u00bb{}\u00bb]<iframe loading=\"lazy\" width=\"560\" height=\"315\" src=\"https:\/\/www.youtube.com\/embed\/Epklq7D4vKs?si=PvN7xeNu1LbT1iIu\" title=\"YouTube video player\" frameborder=\"0\" allow=\"accelerometer; autoplay; clipboard-write; encrypted-media; gyroscope; picture-in-picture; web-share\" referrerpolicy=\"strict-origin-when-cross-origin\" allowfullscreen><\/iframe>[\/et_pb_code][\/et_pb_column][et_pb_column type=\u00bb1_2&#8243; _builder_version=\u00bb4.27.4&#8243; _module_preset=\u00bbdefault\u00bb global_colors_info=\u00bb{}\u00bb][et_pb_text _builder_version=\u00bb4.27.4&#8243; _module_preset=\u00bbdefault\u00bb global_colors_info=\u00bb{}\u00bb]<\/p>\n<h2><strong>\u00bfQu\u00e9 requerimos para imprimir tu proyecto 3D?<\/strong><\/h2>\n<p>&#8211; Recibimos archivos en formato <strong><span style=\"font-size: 15px;\">STL <\/span><\/strong><\/p>\n<p>&#8211; Ind\u00edcanos las medidas en mil\u00edmetros para verificar el tama\u00f1o final de la pieza y ajustar el archivo.<br \/>Recuerda: M\u00e1ximo: 220 mm (Ancho) x 220 mm (Profundidad) x 250 mm (Altura).<\/p>\n<p>&#8211; <span class=\"T286Pc\" data-sfc-cp=\"\" jsaction=\"\" jscontroller=\"fly6D\" data-sfc-root=\"c\" jsuid=\"rM0SD_29\" data-sfc-cb=\"\" data-processed=\"true\">Verifica que el modelo no tenga huecos ni errores de dise\u00f1o (modelos \u00abmanifiold\u00bb o \u00abwatertight\u00bb).<\/span><\/p>\n<p><span style=\"font-size: 15px;\">&#8211; Si la pieza es compleja, considera dividirla en archivos <strong>STL<\/strong> separados para facilitar la impresi\u00f3n.<\/span><\/p>\n<blockquote>\n<p><strong><\/strong>El formato <strong>.STL<\/strong> (por sus siglas en ingl\u00e9s: <strong>\u00abStereolithography\u00bb<\/strong>) es un tipo de archivo ampliamente utilizado en dise\u00f1o asistido por computadora (<strong>CAD<\/strong>) y en la impresi\u00f3n 3D. Representa la geometr\u00eda tridimensional de un objeto y describe su superficie como una serie de <strong>tri\u00e1ngulos<\/strong> en un modelo de malla<\/p>\n<\/blockquote>\n<p>[\/et_pb_text][\/et_pb_column][\/et_pb_row][et_pb_row _builder_version=\u00bb4.27.6&#8243; _module_preset=\u00bbdefault\u00bb width=\u00bb90%\u00bb custom_margin=\u00bb||||false|false\u00bb custom_padding=\u00bb10px||14px||false|false\u00bb global_colors_info=\u00bb{}\u00bb][et_pb_column type=\u00bb4_4&#8243; _builder_version=\u00bb4.27.6&#8243; _module_preset=\u00bbdefault\u00bb background_color=\u00bb#ff4300&#8243; custom_padding=\u00bb15px|15px|15px|15px|false|false\u00bb global_colors_info=\u00bb{}\u00bb][et_pb_text _builder_version=\u00bb4.27.6&#8243; _module_preset=\u00bbdefault\u00bb custom_margin=\u00bb|10px||10px|false|false\u00bb custom_padding=\u00bb22px||14px|||\u00bb global_colors_info=\u00bb{}\u00bb]<\/p>\n<h2><span style=\"color: #ffffff;\"><strong>\u00bfQuieres saber cu\u00e1nto cuesta tu impreso 3D <\/strong><\/span><span style=\"color: #ffffff;\"><strong>en este momento<\/strong><\/span><span style=\"color: #ffffff;\"><strong>?<\/strong><\/span><\/h2>\n<p><span style=\"color: #ffffff;\">&#8211; No tienes que registrarte si no quieres para obtener el presupuesto.<\/span><br \/><span style=\"color: #ffffff;\">&#8211; La respuesta es inmediata, sin esperas.<\/span><br \/><span style=\"color: #ffffff;\">&#8211; Puedes descargar un PDF con tu presupuesto.<\/span><br \/><span style=\"color: #ffffff;\">&#8211; Tambi\u00e9n puede generar un presupuesto formal para tu empresa, registrando ciertos datos requeridos y este tambi\u00e9n ser\u00e1 enviado a tu correo si as\u00ed lo decides.<br \/><\/span><\/p>\n<p>[\/et_pb_text][et_pb_button button_url=\u00bbhttps:\/\/gruposrm.com\/web\/inicio\/cotizador-de-impresion-3d\/\u00bb button_text=\u00bbCotiza aqu\u00ed y ahora tu impreso 3D.\u00bb button_alignment=\u00bbcenter\u00bb _builder_version=\u00bb4.27.6&#8243; _module_preset=\u00bbdefault\u00bb custom_button=\u00bbon\u00bb button_text_size=\u00bb29px\u00bb button_text_color=\u00bb#0a0000&#8243; button_bg_color=\u00bb#FFFFFF\u00bb button_border_width=\u00bb3px\u00bb button_border_radius=\u00bb24px\u00bb button_letter_spacing=\u00bb0px\u00bb button_use_icon=\u00bboff\u00bb custom_padding=\u00bb15px||16px||false|false\u00bb hover_enabled=\u00bb0&#8243; box_shadow_style=\u00bbpreset2&#8243; box_shadow_horizontal=\u00bb10px\u00bb box_shadow_vertical=\u00bb10px\u00bb box_shadow_blur=\u00bb10px\u00bb global_colors_info=\u00bb{}\u00bb custom_margin=\u00bb||29px|||\u00bb sticky_enabled=\u00bb0&#8243;][\/et_pb_button][\/et_pb_column][\/et_pb_row][et_pb_row _builder_version=\u00bb4.27.4&#8243; _module_preset=\u00bbdefault\u00bb custom_padding=\u00bb36px||8px|||\u00bb global_colors_info=\u00bb{}\u00bb][et_pb_column type=\u00bb4_4&#8243; _builder_version=\u00bb4.27.4&#8243; _module_preset=\u00bbdefault\u00bb global_colors_info=\u00bb{}\u00bb][difl_packerygallery gallery=\u00bb4526,4522,4519,4521&#8243; _builder_version=\u00bb4.27.4&#8243; _module_preset=\u00bbdefault\u00bb global_colors_info=\u00bb{}\u00bb][\/difl_packerygallery][\/et_pb_column][\/et_pb_row][\/et_pb_section]<\/p>\n","protected":false},"excerpt":{"rendered":"<p><div class=\"et_pb_module difl_marqueetext difl_marqueetext_0\">\n\t\t\t\t\n\t\t\t\t\n\t\t\t\t\n\t\t\t\t\n\t\t\t\t\n\t\t\t\t\n\t\t\t\t<div class=\"et_pb_module_inner\">\n\t\t\t\t\t<div class=\"df_marqueetext_wrapper\" data-settings='{\"ticker_hover\":true,\"ticker_speed\":\"4000\",\"ticker_direction\":\"off\",\"ticker_loop\":false,\"ticker_gap\":\"10px\"}'>\r\n            <div class=\"df_marquee_animation\">\r\n            \t<div class=\"df_marquee_list\">\r\n                  <div class=\"et_pb_module difl_marqueetextitem difl_marqueetextitem_0\">\n\t\t\t\t\n\t\t\t\t\n\t\t\t\t\n\t\t\t\t\n\t\t\t\t\n\t\t\t\t\n\t\t\t\t<div class=\"et_pb_module_inner\">\n\t\t\t\t\t<div class=\"df_marquee_text\"><p>Servicio de impresi\u00f3n 3D<\/p><\/div>\n\t\t\t\t<\/div>\n\t\t\t<\/div>\r\n               <\/div>\r\n            <\/div>\r\n         <\/div>\n\t\t\t\t<\/div>\n\t\t\t<\/div>Servicio de Impresi\u00f3n 3D. En nuestro servicio de impresi\u00f3n 3D de Impresion-Arte, utilizamos algunas de las m\u00e1quinas m\u00e1s avanzadas y r\u00e1pidas del mercado, ideal para proyectos personalizados, prototipos funcionales y piezas con [&hellip;]<\/p>\n","protected":false},"author":2,"featured_media":0,"parent":0,"menu_order":0,"comment_status":"closed","ping_status":"closed","template":"","meta":{"_et_pb_use_builder":"on","_et_pb_old_content":"","_et_gb_content_width":"","footnotes":""},"difl_page_category":[119,86,117,118,87,116],"class_list":["post-4511","page","type-page","status-publish","hentry","difl_page_category-3d-print","difl_page_category-impresion-3d","difl_page_category-impresion-3d-cota","difl_page_category-impresion-3d-de-calidad","difl_page_category-impresion-3d-en-colombia","difl_page_category-servicio-de-impresion"],"_links":{"self":[{"href":"https:\/\/gruposrm.com\/web\/inicio\/wp-json\/wp\/v2\/pages\/4511","targetHints":{"allow":["GET"]}}],"collection":[{"href":"https:\/\/gruposrm.com\/web\/inicio\/wp-json\/wp\/v2\/pages"}],"about":[{"href":"https:\/\/gruposrm.com\/web\/inicio\/wp-json\/wp\/v2\/types\/page"}],"author":[{"embeddable":true,"href":"https:\/\/gruposrm.com\/web\/inicio\/wp-json\/wp\/v2\/users\/2"}],"replies":[{"embeddable":true,"href":"https:\/\/gruposrm.com\/web\/inicio\/wp-json\/wp\/v2\/comments?post=4511"}],"version-history":[{"count":50,"href":"https:\/\/gruposrm.com\/web\/inicio\/wp-json\/wp\/v2\/pages\/4511\/revisions"}],"predecessor-version":[{"id":5597,"href":"https:\/\/gruposrm.com\/web\/inicio\/wp-json\/wp\/v2\/pages\/4511\/revisions\/5597"}],"wp:attachment":[{"href":"https:\/\/gruposrm.com\/web\/inicio\/wp-json\/wp\/v2\/media?parent=4511"}],"wp:term":[{"taxonomy":"difl_page_category","embeddable":true,"href":"https:\/\/gruposrm.com\/web\/inicio\/wp-json\/wp\/v2\/difl_page_category?post=4511"}],"curies":[{"name":"wp","href":"https:\/\/api.w.org\/{rel}","templated":true}]}}