{"id":1082,"date":"2021-01-14T13:54:16","date_gmt":"2021-01-14T08:54:16","guid":{"rendered":"https:\/\/gruposrm.com\/web\/inicio\/?page_id=1082"},"modified":"2025-02-28T08:03:11","modified_gmt":"2025-02-28T03:03:11","slug":"servicio-de-hospedaje-hosting-de-paginas-web-en-colombia","status":"publish","type":"page","link":"https:\/\/gruposrm.com\/web\/inicio\/servicio-de-hospedaje-hosting-de-paginas-web-en-colombia\/","title":{"rendered":"Hospedaje en internet"},"content":{"rendered":"<p>[et_pb_section fb_built=\u00bb1&#8243; _builder_version=\u00bb4.8.0&#8243; _module_preset=\u00bbdefault\u00bb custom_padding=\u00bb0px||27px|||\u00bb global_colors_info=\u00bb{}\u00bb][et_pb_row _builder_version=\u00bb4.8.0&#8243; _module_preset=\u00bbdefault\u00bb custom_padding=\u00bb1px||9px|||\u00bb global_colors_info=\u00bb{}\u00bb][et_pb_column type=\u00bb4_4&#8243; _builder_version=\u00bb4.8.0&#8243; _module_preset=\u00bbdefault\u00bb global_colors_info=\u00bb{}\u00bb][et_pb_image src=\u00bbhttps:\/\/gruposrm.com\/web\/wp-content\/uploads\/DobleClick-Hosting.jpg\u00bb title_text=\u00bbDobleClick-Hosting\u00bb _builder_version=\u00bb4.8.0&#8243; _module_preset=\u00bbdefault\u00bb global_colors_info=\u00bb{}\u00bb][\/et_pb_image][et_pb_text _builder_version=\u00bb4.8.0&#8243; _module_preset=\u00bbdefault\u00bb global_colors_info=\u00bb{}\u00bb]<\/p>\n<h1><strong>SERVICIO DE HOSPEDAJE PARA SITIOS WEB<\/strong><\/h1>\n<p>Para hacer presencia en la web, ofrecemos desde el a\u00f1o 2004 servicio de <strong>hosting u hospedaje web<\/strong> en servidores de \u00faltima generaci\u00f3n, con todas las herramientas necesarias para hacer de tu sitio de internet una potente y productiva herramienta de trabajo.<\/p>\n<p>[\/et_pb_text][\/et_pb_column][\/et_pb_row][et_pb_row column_structure=\u00bb1_3,1_3,1_3&#8243; _builder_version=\u00bb4.8.0&#8243; _module_preset=\u00bbdefault\u00bb custom_padding=\u00bb12px||10px|||\u00bb global_colors_info=\u00bb{}\u00bb][et_pb_column type=\u00bb1_3&#8243; _builder_version=\u00bb4.8.0&#8243; _module_preset=\u00bbdefault\u00bb global_colors_info=\u00bb{}\u00bb][et_pb_image src=\u00bbhttps:\/\/gruposrm.com\/web\/wp-content\/uploads\/AWS-Logo-Hosting.jpg\u00bb title_text=\u00bbAWS-Logo-Hosting\u00bb _builder_version=\u00bb4.8.0&#8243; _module_preset=\u00bbdefault\u00bb global_colors_info=\u00bb{}\u00bb][\/et_pb_image][et_pb_text _builder_version=\u00bb4.8.0&#8243; _module_preset=\u00bbdefault\u00bb global_colors_info=\u00bb{}\u00bb]<\/p>\n<p>Nuestro proveedor de infraestructura web es <strong>AWS<\/strong> por sus siglas de Amazon Web Services<\/p>\n<p>[\/et_pb_text][\/et_pb_column][et_pb_column type=\u00bb1_3&#8243; _builder_version=\u00bb4.8.0&#8243; _module_preset=\u00bbdefault\u00bb global_colors_info=\u00bb{}\u00bb][et_pb_image src=\u00bbhttps:\/\/gruposrm.com\/web\/wp-content\/uploads\/AWS-Instalacion-Hosting.jpg\u00bb title_text=\u00bbAWS-Instalacion-Hosting\u00bb _builder_version=\u00bb4.8.0&#8243; _module_preset=\u00bbdefault\u00bb global_colors_info=\u00bb{}\u00bb][\/et_pb_image][et_pb_text _builder_version=\u00bb4.8.0&#8243; _module_preset=\u00bbdefault\u00bb global_colors_info=\u00bb{}\u00bb]<\/p>\n<p>Los servidores se encuentran en el Data center AWS de<strong class=\"gh ho\">\u00a0<\/strong>la zona Este de USA,\u00a0Virginia,\u00a0 Ohio y\u00a0Montreal, Canad\u00e1<\/p>\n<p>[\/et_pb_text][\/et_pb_column][et_pb_column type=\u00bb1_3&#8243; _builder_version=\u00bb4.8.0&#8243; _module_preset=\u00bbdefault\u00bb global_colors_info=\u00bb{}\u00bb][et_pb_image src=\u00bbhttps:\/\/gruposrm.com\/web\/wp-content\/uploads\/Data-Center-Hosting.jpg\u00bb title_text=\u00bbData-Center-Hosting\u00bb _builder_version=\u00bb4.8.0&#8243; _module_preset=\u00bbdefault\u00bb global_colors_info=\u00bb{}\u00bb][\/et_pb_image][et_pb_text _builder_version=\u00bb4.8.0&#8243; _module_preset=\u00bbdefault\u00bb global_colors_info=\u00bb{}\u00bb]<\/p>\n<p>Servidores de \u00faltima generaci\u00f3n constantemente actualizados que brindan un eficiente servicio.<\/p>\n<p>[\/et_pb_text][\/et_pb_column][\/et_pb_row][et_pb_row _builder_version=\u00bb4.8.0&#8243; _module_preset=\u00bbdefault\u00bb background_color=\u00bb#ED7A00&#8243; custom_padding=\u00bb36px||29px|||\u00bb animation_style=\u00bbslide\u00bb border_radii=\u00bbon|20px|20px|20px|20px\u00bb global_colors_info=\u00bb{}\u00bb][et_pb_column type=\u00bb4_4&#8243; _builder_version=\u00bb4.8.0&#8243; _module_preset=\u00bbdefault\u00bb global_colors_info=\u00bb{}\u00bb][et_pb_cta title=\u00bb\u00a1Garant\u00eda de satisfacci\u00f3n!\u00bb _builder_version=\u00bb4.8.0&#8243; _module_preset=\u00bbdefault\u00bb header_level=\u00bbh1&#8243; header_font=\u00bbActor|700|||||||\u00bb header_text_color=\u00bb#FFFFFF\u00bb background_color=\u00bb#00133d\u00bb global_colors_info=\u00bb{}\u00bb]<\/p>\n<p><span style=\"font-size: large;\">Planes de hosting desde U$5 \/ mes, <strong>15 d\u00edas<\/strong> de garant\u00eda de satisfacci\u00f3n o te devolvemos tu dinero.<\/span><\/p>\n<p>[\/et_pb_cta][\/et_pb_column][\/et_pb_row][et_pb_row column_structure=\u00bb3_5,2_5&#8243; _builder_version=\u00bb4.8.0&#8243; _module_preset=\u00bbdefault\u00bb custom_padding=\u00bb29px||6px|||\u00bb global_colors_info=\u00bb{}\u00bb][et_pb_column type=\u00bb3_5&#8243; _builder_version=\u00bb4.8.0&#8243; _module_preset=\u00bbdefault\u00bb global_colors_info=\u00bb{}\u00bb][et_pb_text _builder_version=\u00bb4.8.0&#8243; _module_preset=\u00bbdefault\u00bb global_colors_info=\u00bb{}\u00bb]<\/p>\n<h3 class=\"Texto_SubTituloGris\">NUEVO SISTEMA: ALTA DISPONIBILIDAD (HIGH AVAILABILITY).<\/h3>\n<p>Significa que tu informaci\u00f3n esta almacenada simult\u00e1neamente en 4 discos (RAID 10) con un sistema maestro y esclavo en un sistema de alta velocidad. Si por alg\u00fan motivo falla un disco, existen 3 discos m\u00e1s respaldando la informaci\u00f3n, y si llegase a fallar completamente el arreglo (algo muy improbable estad\u00edsticamente) el sistema esclavo lo retoma instant\u00e1neamente mediante el sistema en la nube sin cortes ni interrupciones.<\/p>\n<h3 class=\"Texto_SubTituloGris\">PROTECCI\u00d3N DE DATOS EN 99.99% Y MEJORAS EN VELOCIDAD.<\/h3>\n<p>Adem\u00e1s de asegurar una continuidad de datos, el sistema de Alta Disponibilidad de <strong>DDoble Click<\/strong>, es 3 o 4 veces m\u00e1s r\u00e1pido que otros servicios del mercado que no cuentan con tecnolog\u00eda SSD HA<span>\u00a0de gran performance para operaciones exigentes IO<\/span><\/p>\n<p>[\/et_pb_text][\/et_pb_column][et_pb_column type=\u00bb2_5&#8243; _builder_version=\u00bb4.8.0&#8243; _module_preset=\u00bbdefault\u00bb global_colors_info=\u00bb{}\u00bb][et_pb_image src=\u00bbhttps:\/\/gruposrm.com\/web\/wp-content\/uploads\/CPannel-Softaculous-Hosting.jpg\u00bb title_text=\u00bbCPannel-Softaculous-Hosting\u00bb _builder_version=\u00bb4.8.0&#8243; _module_preset=\u00bbdefault\u00bb global_colors_info=\u00bb{}\u00bb][\/et_pb_image][\/et_pb_column][\/et_pb_row][\/et_pb_section][et_pb_section fb_built=\u00bb1&#8243; _builder_version=\u00bb4.8.0&#8243; _module_preset=\u00bbdefault\u00bb custom_padding=\u00bb5px||9px|||\u00bb global_colors_info=\u00bb{}\u00bb][et_pb_row _builder_version=\u00bb4.8.0&#8243; _module_preset=\u00bbdefault\u00bb custom_padding=\u00bb5px||4px|||\u00bb global_colors_info=\u00bb{}\u00bb][et_pb_column type=\u00bb4_4&#8243; _builder_version=\u00bb4.8.0&#8243; _module_preset=\u00bbdefault\u00bb global_colors_info=\u00bb{}\u00bb][et_pb_text _builder_version=\u00bb4.8.0&#8243; _module_preset=\u00bbdefault\u00bb global_colors_info=\u00bb{}\u00bb]<\/p>\n<h1><strong>HOSTING PARA LOS QUE INICIAN:<\/strong><\/h1>\n<p>[\/et_pb_text][\/et_pb_column][\/et_pb_row][et_pb_row _builder_version=\u00bb4.8.0&#8243; _module_preset=\u00bbdefault\u00bb custom_padding=\u00bb5px||14px|||\u00bb link_option_url=\u00bbhttps:\/\/gruposrm.com\/Tienda2\/29-hosting\u00bb link_option_url_new_window=\u00bbon\u00bb hover_enabled=\u00bb0&#8243; global_colors_info=\u00bb{}\u00bb sticky_enabled=\u00bb0&#8243;][et_pb_column type=\u00bb4_4&#8243; _builder_version=\u00bb4.8.0&#8243; _module_preset=\u00bbdefault\u00bb global_colors_info=\u00bb{}\u00bb][et_pb_pricing_tables _builder_version=\u00bb4.8.2&#8243; _module_preset=\u00bbdefault\u00bb background_enable_color=\u00bboff\u00bb link_option_url=\u00bbhttps:\/\/gruposrm.com\/Tienda2\/29-hosting\u00bb link_option_url_new_window=\u00bbon\u00bb global_colors_info=\u00bb{}\u00bb][et_pb_pricing_table title=\u00bbHosting 1&#8243; subtitle=\u00bb1.000 Mb\u00bb button_text=\u00bbC\u00f3mpralo aqu\u00ed&#8230;\u00bb bullet_color=\u00bb#0C71C3&#8243; header_background_color=\u00bb#0071EB\u00bb _builder_version=\u00bb4.8.2&#8243; _module_preset=\u00bbdefault\u00bb header_level=\u00bbh1&#8243; header_font=\u00bb|800|||||||\u00bb hover_enabled=\u00bb0&#8243; global_colors_info=\u00bb{}\u00bb sticky_transition=\u00bbon\u00bb sticky_enabled=\u00bb0&#8243;]<\/p>\n<p>1 Dominio<\/p>\n<p>1 Sub dominio<\/p>\n<p>1.000 Mb de capacidad<\/p>\n<p>10 Gb de transferencia \/mes<\/p>\n<p>5 cuentas de correo<\/p>\n<p>10 DB<\/p>\n<p>[\/et_pb_pricing_table][et_pb_pricing_table title=\u00bbHosting 2&#8243; subtitle=\u00bb2.000 Mb\u00bb bullet_color=\u00bb#00208A\u00bb header_background_color=\u00bb#0a44af\u00bb _builder_version=\u00bb4.8.2&#8243; _module_preset=\u00bbdefault\u00bb header_level=\u00bbh1&#8243; header_font=\u00bb|800|||||||\u00bb global_colors_info=\u00bb{}\u00bb sticky_transition=\u00bbon\u00bb]<\/p>\n<p>1 Dominio<\/p>\n<p>1 Sub dominio<\/p>\n<p>2.000 Mb de capacidad<\/p>\n<p>20 Gb de transferencia \/mes<\/p>\n<p>10 cuentas de correo<\/p>\n<p>20 DB<\/p>\n<p>[\/et_pb_pricing_table][\/et_pb_pricing_tables][\/et_pb_column][\/et_pb_row][\/et_pb_section][et_pb_section fb_built=\u00bb1&#8243; _builder_version=\u00bb4.8.0&#8243; _module_preset=\u00bbdefault\u00bb custom_padding=\u00bb5px||9px|||\u00bb global_colors_info=\u00bb{}\u00bb][et_pb_row _builder_version=\u00bb4.8.0&#8243; _module_preset=\u00bbdefault\u00bb custom_padding=\u00bb5px||4px|||\u00bb global_colors_info=\u00bb{}\u00bb][et_pb_column type=\u00bb4_4&#8243; _builder_version=\u00bb4.8.0&#8243; _module_preset=\u00bbdefault\u00bb global_colors_info=\u00bb{}\u00bb][et_pb_text _builder_version=\u00bb4.8.0&#8243; _module_preset=\u00bbdefault\u00bb global_colors_info=\u00bb{}\u00bb]<\/p>\n<h1><strong>CUANDO COMIENZAS A CRECER:<\/strong><\/h1>\n<p>[\/et_pb_text][\/et_pb_column][\/et_pb_row][et_pb_row _builder_version=\u00bb4.8.0&#8243; _module_preset=\u00bbdefault\u00bb custom_padding=\u00bb5px||14px|||\u00bb link_option_url=\u00bbhttps:\/\/gruposrm.com\/Tienda2\/29-hosting\u00bb link_option_url_new_window=\u00bbon\u00bb global_colors_info=\u00bb{}\u00bb][et_pb_column type=\u00bb4_4&#8243; _builder_version=\u00bb4.8.0&#8243; _module_preset=\u00bbdefault\u00bb global_colors_info=\u00bb{}\u00bb][et_pb_pricing_tables _builder_version=\u00bb4.8.2&#8243; _module_preset=\u00bbdefault\u00bb global_colors_info=\u00bb{}\u00bb][et_pb_pricing_table title=\u00bbHosting 3&#8243; subtitle=\u00bb5.000 Mb\u00bb bullet_color=\u00bb#FFD752&#8243; header_background_color=\u00bb#ffc851&#8243; _builder_version=\u00bb4.8.2&#8243; _module_preset=\u00bbdefault\u00bb header_level=\u00bbh1&#8243; header_font=\u00bb|800|||||||\u00bb global_colors_info=\u00bb{}\u00bb sticky_transition=\u00bbon\u00bb]<\/p>\n<p>1 Dominio<\/p>\n<p>2 Sub dominios<\/p>\n<p>5.000 Mb de capacidad<\/p>\n<p>50 Gb de transferencia \/mes<\/p>\n<p>15 cuentas de correo<\/p>\n<p>30 DB<\/p>\n<p>[\/et_pb_pricing_table][et_pb_pricing_table title=\u00bbHosting 4&#8243; subtitle=\u00bb8.000 Mb\u00bb bullet_color=\u00bb#F0B800&#8243; header_background_color=\u00bb#fc9b00&#8243; _builder_version=\u00bb4.8.2&#8243; _module_preset=\u00bbdefault\u00bb header_level=\u00bbh1&#8243; header_font=\u00bb|800|||||||\u00bb global_colors_info=\u00bb{}\u00bb sticky_transition=\u00bbon\u00bb]<\/p>\n<p>1 Dominio<\/p>\n<p>2 Sub dominios<\/p>\n<p>8.000 Mb de capacidad<\/p>\n<p>80 Gb de transferencia \/mes<\/p>\n<p>20 cuentas de correo<\/p>\n<p>40 DB<\/p>\n<p>[\/et_pb_pricing_table][\/et_pb_pricing_tables][\/et_pb_column][\/et_pb_row][\/et_pb_section][et_pb_section fb_built=\u00bb1&#8243; _builder_version=\u00bb4.8.0&#8243; _module_preset=\u00bbdefault\u00bb custom_padding=\u00bb5px||9px|||\u00bb global_colors_info=\u00bb{}\u00bb][et_pb_row _builder_version=\u00bb4.8.0&#8243; _module_preset=\u00bbdefault\u00bb custom_padding=\u00bb5px||4px|||\u00bb global_colors_info=\u00bb{}\u00bb][et_pb_column type=\u00bb4_4&#8243; _builder_version=\u00bb4.8.0&#8243; _module_preset=\u00bbdefault\u00bb global_colors_info=\u00bb{}\u00bb][et_pb_text _builder_version=\u00bb4.8.0&#8243; _module_preset=\u00bbdefault\u00bb global_colors_info=\u00bb{}\u00bb]<\/p>\n<h1><strong>ROBUSTOS Y PODEROSOS:<\/strong><\/h1>\n<p>[\/et_pb_text][\/et_pb_column][\/et_pb_row][et_pb_row _builder_version=\u00bb4.8.0&#8243; _module_preset=\u00bbdefault\u00bb custom_padding=\u00bb5px||14px|||\u00bb link_option_url=\u00bbhttps:\/\/gruposrm.com\/Tienda2\/29-hosting\u00bb link_option_url_new_window=\u00bbon\u00bb global_colors_info=\u00bb{}\u00bb][et_pb_column type=\u00bb4_4&#8243; _builder_version=\u00bb4.8.0&#8243; _module_preset=\u00bbdefault\u00bb global_colors_info=\u00bb{}\u00bb][et_pb_pricing_tables _builder_version=\u00bb4.8.2&#8243; _module_preset=\u00bbdefault\u00bb global_colors_info=\u00bb{}\u00bb][et_pb_pricing_table title=\u00bbHosting 5&#8243; subtitle=\u00bb10.000 Mb\u00bb bullet_color=\u00bb#ED7A00&#8243; header_background_color=\u00bb#ED7A00&#8243; _builder_version=\u00bb4.8.2&#8243; _module_preset=\u00bbdefault\u00bb header_level=\u00bbh1&#8243; header_font=\u00bb|800|||||||\u00bb global_colors_info=\u00bb{}\u00bb sticky_transition=\u00bbon\u00bb]<\/p>\n<p>1 Dominios<\/p>\n<p>4 Sub dominios<\/p>\n<p>10.000 Mb de capacidad<\/p>\n<p>100 Gb de transferencia \/mes<\/p>\n<p>30 cuentas de correo<\/p>\n<p>50 DB<\/p>\n<p>[\/et_pb_pricing_table][et_pb_pricing_table title=\u00bbHosting 6&#8243; subtitle=\u00bb20.000 Mb\u00bb bullet_color=\u00bb#E02B20&#8243; header_background_color=\u00bb#E02B20&#8243; _builder_version=\u00bb4.8.2&#8243; _module_preset=\u00bbdefault\u00bb header_level=\u00bbh1&#8243; header_font=\u00bb|800|||||||\u00bb global_colors_info=\u00bb{}\u00bb sticky_transition=\u00bbon\u00bb]<\/p>\n<p>1 Dominio<\/p>\n<p>4 Sub dominios<\/p>\n<p>20.000 Mb de capacidad<\/p>\n<p>200 Gb de transferencia \/mes<\/p>\n<p>40 cuentas de correo<\/p>\n<p>Ilimitadas DB<\/p>\n<p>[\/et_pb_pricing_table][\/et_pb_pricing_tables][\/et_pb_column][\/et_pb_row][\/et_pb_section][et_pb_section fb_built=\u00bb1&#8243; _builder_version=\u00bb4.8.0&#8243; _module_preset=\u00bbdefault\u00bb custom_padding=\u00bb11px||28px|||\u00bb global_colors_info=\u00bb{}\u00bb][et_pb_row _builder_version=\u00bb4.8.0&#8243; _module_preset=\u00bbdefault\u00bb custom_padding=\u00bb13px|||||\u00bb global_colors_info=\u00bb{}\u00bb][et_pb_column type=\u00bb4_4&#8243; _builder_version=\u00bb4.8.0&#8243; _module_preset=\u00bbdefault\u00bb global_colors_info=\u00bb{}\u00bb][et_pb_text _builder_version=\u00bb4.8.0&#8243; _module_preset=\u00bbdefault\u00bb global_colors_info=\u00bb{}\u00bb]<\/p>\n<h3>TODOS NUESTROS PLANES DE HOSTING INCLUYEN:<\/h3>\n<p>CPannel (Panel de administraci\u00f3n)<\/p>\n<p>Softaculous (Cientos de aplicaciones pre instaladas en este instalador)<\/p>\n<p>Certificado de seguridad SSL<\/p>\n<p>Constructor de sitios web<\/p>\n<p>Puedes\u00a0 generar Backup y descargarlo cuando requieras<\/p>\n<p><span>Antivirus de tiempo real con\u00a0inteligencia artificial que protege tu sitio interceptando malware con sus m\u00faltiples capas de seguridad (7).\u00a0Contamos con Firewall que es un poderoso sistema de interpretaci\u00f3n en tiempo real de amenazas y escaneo proactivo, que detiene bots e intentos de intrusi\u00f3n.<\/span><\/p>\n<p><span>Tu Hosting est\u00e1 protegido por varias tecnolog\u00edas <strong>comerciales pagas<\/strong> que permiten que el correo de tus clientes est\u00e9 protegido en la salida para que nunca sea rechazado (cada correo es enviado desde una ip distinta y certificada) y en la entrada con MagicSpam.<\/span><\/p>\n<p><span>La infraestructura es sobre la nube, esto quiere decir que la red y el hardware est\u00e1 en alta disponibilidad.<\/span><\/p>\n<p><span>Red de entrega de contenidos (CDN) puede reducir dr\u00e1sticamente el tiempo de carga al servir el contenido del sitio desde servidores situados cerca de tus visitantes \u2013 en cualquier parte del mundo.\u00a0<\/span><span style=\"font-size: 15px;\">Tambi\u00e9n almacena en cach\u00e9 y optimiza ese contenido en su red para reducir el tama\u00f1o de los archivos y hacer que las p\u00e1ginas de tu sitio web carguen a\u00fan m\u00e1s r\u00e1pido.<\/span><\/p>\n<p>[\/et_pb_text][\/et_pb_column][\/et_pb_row][et_pb_row column_structure=\u00bb3_5,2_5&#8243; _builder_version=\u00bb4.7.7&#8243; _module_preset=\u00bbdefault\u00bb background_color=\u00bb#eb3f00&#8243; custom_padding=\u00bb20px|20px|20px|20px|true|true\u00bb animation_style=\u00bbslide\u00bb animation_direction=\u00bbbottom\u00bb border_radii=\u00bbon|10px|10px|10px|10px\u00bb locked=\u00bboff\u00bb global_colors_info=\u00bb{}\u00bb][et_pb_column type=\u00bb3_5&#8243; _builder_version=\u00bb4.7.7&#8243; _module_preset=\u00bbdefault\u00bb global_colors_info=\u00bb{}\u00bb][et_pb_text _builder_version=\u00bb4.7.7&#8243; _module_preset=\u00bbdefault\u00bb global_colors_info=\u00bb{}\u00bb]<\/p>\n<h2><span style=\"color: #ffffff;\"><strong>Adquiere nuestro servicio de hospedaje web:<\/strong><\/span><\/h2>\n<p><span style=\"color: #ffffff;\">Puedes adquirir cualquiera de nuestros planes directamente en nuestra tienda, en donde encontrar\u00e1s adem\u00e1s del precio, los servicios complementarios como la compra de tu dominio.<\/span><\/p>\n<p>[\/et_pb_text][\/et_pb_column][et_pb_column type=\u00bb2_5&#8243; _builder_version=\u00bb4.7.7&#8243; _module_preset=\u00bbdefault\u00bb global_colors_info=\u00bb{}\u00bb][et_pb_button button_url=\u00bbhttps:\/\/gruposrm.com\/Tienda2\/29-hosting\u00bb url_new_window=\u00bbon\u00bb button_text=\u00bbCompra Aqu\u00ed\u00bb button_alignment=\u00bbcenter\u00bb admin_label=\u00bbBotonCNC\u00bb _builder_version=\u00bb4.8.0&#8243; _module_preset=\u00bbdefault\u00bb custom_button=\u00bbon\u00bb button_text_size=\u00bb30px\u00bb background_layout=\u00bbdark\u00bb custom_margin=\u00bb23px||23px||true|true\u00bb custom_padding=\u00bb40px|40px|40px|40px|true|true\u00bb box_shadow_style=\u00bbpreset3&#8243; box_shadow_vertical=\u00bb20px\u00bb box_shadow_blur=\u00bb15px\u00bb global_colors_info=\u00bb{}\u00bb][\/et_pb_button][\/et_pb_column][\/et_pb_row][\/et_pb_section]<\/p>\n","protected":false},"excerpt":{"rendered":"<p>SERVICIO DE HOSPEDAJE PARA SITIOS WEB Para hacer presencia en la web, ofrecemos desde el a\u00f1o 2004 servicio de hosting u hospedaje web en servidores de \u00faltima generaci\u00f3n, con todas las herramientas necesarias para hacer de tu sitio de internet una potente y productiva herramienta de trabajo.Nuestro proveedor de infraestructura web es AWS por sus [&hellip;]<\/p>\n","protected":false},"author":2,"featured_media":0,"parent":0,"menu_order":0,"comment_status":"closed","ping_status":"closed","template":"","meta":{"_et_pb_use_builder":"on","_et_pb_old_content":"","_et_gb_content_width":"","footnotes":""},"difl_page_category":[140,141,139,138],"class_list":["post-1082","page","type-page","status-publish","hentry","difl_page_category-hosting","difl_page_category-hosting-en-colombia","difl_page_category-servicio-de-hospedaje-de-paginas-web","difl_page_category-servicio-de-hosting"],"_links":{"self":[{"href":"https:\/\/gruposrm.com\/web\/inicio\/wp-json\/wp\/v2\/pages\/1082","targetHints":{"allow":["GET"]}}],"collection":[{"href":"https:\/\/gruposrm.com\/web\/inicio\/wp-json\/wp\/v2\/pages"}],"about":[{"href":"https:\/\/gruposrm.com\/web\/inicio\/wp-json\/wp\/v2\/types\/page"}],"author":[{"embeddable":true,"href":"https:\/\/gruposrm.com\/web\/inicio\/wp-json\/wp\/v2\/users\/2"}],"replies":[{"embeddable":true,"href":"https:\/\/gruposrm.com\/web\/inicio\/wp-json\/wp\/v2\/comments?post=1082"}],"version-history":[{"count":29,"href":"https:\/\/gruposrm.com\/web\/inicio\/wp-json\/wp\/v2\/pages\/1082\/revisions"}],"predecessor-version":[{"id":2631,"href":"https:\/\/gruposrm.com\/web\/inicio\/wp-json\/wp\/v2\/pages\/1082\/revisions\/2631"}],"wp:attachment":[{"href":"https:\/\/gruposrm.com\/web\/inicio\/wp-json\/wp\/v2\/media?parent=1082"}],"wp:term":[{"taxonomy":"difl_page_category","embeddable":true,"href":"https:\/\/gruposrm.com\/web\/inicio\/wp-json\/wp\/v2\/difl_page_category?post=1082"}],"curies":[{"name":"wp","href":"https:\/\/api.w.org\/{rel}","templated":true}]}}